{"id":8,"date":"2023-05-25T16:59:51","date_gmt":"2023-05-25T16:59:51","guid":{"rendered":"https:\/\/juanpablomanso.com\/?page_id=8"},"modified":"2023-05-25T17:02:55","modified_gmt":"2023-05-25T17:02:55","slug":"la-evolucion-digital-esta-aqui-te-ayudo","status":"publish","type":"page","link":"https:\/\/juanpablomanso.com\/","title":{"rendered":"La evoluci\u00f3n Digital est\u00e1 aqui&#8230;.\u00bfTe ayudo?"},"content":{"rendered":"\n<figure class=\"wp-block-gallery has-nested-images columns-default is-cropped wp-block-gallery-1 is-layout-flex wp-block-gallery-is-layout-flex\">\n<figure class=\"wp-block-image size-large\"><img loading=\"lazy\" decoding=\"async\" width=\"768\" height=\"1024\" data-id=\"11\" src=\"https:\/\/juanpablomanso.com\/wp-content\/uploads\/2023\/05\/20230519_173319-768x1024.jpg\" alt=\"\" class=\"wp-image-11\" srcset=\"https:\/\/juanpablomanso.com\/wp-content\/uploads\/2023\/05\/20230519_173319-768x1024.jpg 768w, https:\/\/juanpablomanso.com\/wp-content\/uploads\/2023\/05\/20230519_173319-225x300.jpg 225w, https:\/\/juanpablomanso.com\/wp-content\/uploads\/2023\/05\/20230519_173319-1152x1536.jpg 1152w, https:\/\/juanpablomanso.com\/wp-content\/uploads\/2023\/05\/20230519_173319-1536x2048.jpg 1536w, https:\/\/juanpablomanso.com\/wp-content\/uploads\/2023\/05\/20230519_173319-scaled.jpg 1920w\" sizes=\"auto, (max-width: 768px) 100vw, 768px\" \/><\/figure>\n\n\n\n<figure class=\"wp-block-image size-large\"><img loading=\"lazy\" decoding=\"async\" width=\"684\" height=\"1024\" data-id=\"12\" src=\"https:\/\/juanpablomanso.com\/wp-content\/uploads\/2023\/05\/JuanPabloM-149-_DSC7367-1-copia-2-684x1024.jpg\" alt=\"\" class=\"wp-image-12\" srcset=\"https:\/\/juanpablomanso.com\/wp-content\/uploads\/2023\/05\/JuanPabloM-149-_DSC7367-1-copia-2-684x1024.jpg 684w, https:\/\/juanpablomanso.com\/wp-content\/uploads\/2023\/05\/JuanPabloM-149-_DSC7367-1-copia-2-200x300.jpg 200w, https:\/\/juanpablomanso.com\/wp-content\/uploads\/2023\/05\/JuanPabloM-149-_DSC7367-1-copia-2-768x1151.jpg 768w, https:\/\/juanpablomanso.com\/wp-content\/uploads\/2023\/05\/JuanPabloM-149-_DSC7367-1-copia-2-1025x1536.jpg 1025w, https:\/\/juanpablomanso.com\/wp-content\/uploads\/2023\/05\/JuanPabloM-149-_DSC7367-1-copia-2-1367x2048.jpg 1367w, https:\/\/juanpablomanso.com\/wp-content\/uploads\/2023\/05\/JuanPabloM-149-_DSC7367-1-copia-2-scaled.jpg 1709w\" sizes=\"auto, (max-width: 684px) 100vw, 684px\" \/><\/figure>\n<\/figure>\n\n\n\n<h1 class=\"wp-block-heading\">\u00a1Hola, soy Juan Pablo Manso Noguerales!<\/h1>\n\n\n\n<p>Bienvenido a mi rinc\u00f3n digital donde la pasi\u00f3n por la tecnolog\u00eda, el liderazgo y la transformaci\u00f3n digital se encuentran. Me he dedicado a la industria de TI y telecomunicaciones durante m\u00e1s de 20 a\u00f1os, y me encanta lo que hago.<\/p>\n\n\n\n<h2 class=\"wp-block-heading\">Mi Historia<\/h2>\n\n\n\n<p>Mi viaje en el mundo tecnol\u00f3gico comenz\u00f3 con un M\u00e1ster en Ingenier\u00eda Inform\u00e1tica y ha sido una aventura emocionante desde entonces. He sido CEO, Director de la Secci\u00f3n Digital, Manager de Aplicaciones y mucho m\u00e1s a lo largo de mi carrera. Pero, en todas mis funciones, mi objetivo ha sido el mismo: utilizar la tecnolog\u00eda para transformar, mejorar y crecer.<\/p>\n\n\n\n<p>Como <em>CEO <\/em>de La Chinata Majadahonda, no solo dirig\u00ed la empresa hacia la digitalizaci\u00f3n, sino que tambi\u00e9n la gui\u00e9 a trav\u00e9s de la tempestad que fue la pandemia del COVID-19. Fue un reto, pero uno que me ense\u00f1\u00f3 mucho sobre la adaptaci\u00f3n, la innovaci\u00f3n y la resistencia.<\/p>\n\n\n\n<p>En mi papel como <em>Director de la secci\u00f3n digital<\/em> del programa <strong>Are Business | RadioTV &amp; Group<\/strong>, en <strong>Radio Libertad 107.0 FM,<\/strong> tengo la oportunidad de explorar lo que realmente significa la transformaci\u00f3n digital y la ciberseguridad. Comparto ideas y consejos de los profesionales m\u00e1s brillantes en estos campos, con la misi\u00f3n de fortalecer el tejido empresarial espa\u00f1ol.<\/p>\n\n\n\n<p>Durante mis a\u00f1os en Pernod Ricard HQ, me sumerg\u00ed en el mundo de la gesti\u00f3n de proyectos y equipos de TI en EMEA. Fui un socio tecnol\u00f3gico para los l\u00edderes de la empresa, brindando asesoramiento sobre tendencias, innovaci\u00f3n y nuevas opciones tecnol\u00f3gicas.<\/p>\n\n\n\n<p><\/p>\n\n\n\n<h2 class=\"wp-block-heading\">Mi Blog y M\u00e1s<\/h2>\n\n\n\n<p>Aqu\u00ed en mi sitio web, encontrar\u00e1s mis pensamientos, ideas y experiencias compartidos en mi blog. Tambi\u00e9n pondr\u00e9 mis programas de radio en Spotify y un canal de YouTube donde hablar\u00e9 m\u00e1s sobre la transformaci\u00f3n digital, la digitalizaci\u00f3n y la ciberseguridad.<\/p>\n\n\n\n<p>Entonces, ya sea que est\u00e9s aqu\u00ed para aprender, explorar o simplemente para conocerme un poco mejor, estoy emocionado de que est\u00e9s aqu\u00ed. Si tienes alguna pregunta o simplemente quieres saludar, no dudes en contactarme.<\/p>\n\n\n\n<p>\u00a1Disfruta de tu estancia!&#8230;y estate atento a las actualizaciones de esta p\u00e1gina, que vienen novedades pronto!!!<\/p>\n\n\n\n<p>Si quieres ponerte en contacto conmigo, de momento escr\u00edbeme un correo electr\u00f3nico a : <strong>jp@juanpablomanso.com<\/strong><\/p>\n","protected":false},"excerpt":{"rendered":"<p>\u00a1Hola, soy Juan Pablo Manso Noguerales! Bienvenido a mi rinc\u00f3n digital donde la pasi\u00f3n por la tecnolog\u00eda, el liderazgo y la transformaci\u00f3n digital se encuentran. Me he dedicado a la industria de TI y telecomunicaciones durante m\u00e1s de 20 a\u00f1os, y me encanta lo que hago. Mi Historia Mi viaje en el mundo tecnol\u00f3gico comenz\u00f3 [&hellip;]<\/p>\n","protected":false},"author":1,"featured_media":0,"parent":0,"menu_order":0,"comment_status":"closed","ping_status":"closed","template":"","meta":{"_et_pb_use_builder":"","_et_pb_old_content":"","_et_gb_content_width":"","om_disable_all_campaigns":false,"_monsterinsights_skip_tracking":false,"_monsterinsights_sitenote_active":false,"_monsterinsights_sitenote_note":"","_monsterinsights_sitenote_category":0,"footnotes":""},"class_list":["post-8","page","type-page","status-publish","hentry"],"aioseo_notices":[],"_links":{"self":[{"href":"https:\/\/juanpablomanso.com\/index.php?rest_route=\/wp\/v2\/pages\/8","targetHints":{"allow":["GET"]}}],"collection":[{"href":"https:\/\/juanpablomanso.com\/index.php?rest_route=\/wp\/v2\/pages"}],"about":[{"href":"https:\/\/juanpablomanso.com\/index.php?rest_route=\/wp\/v2\/types\/page"}],"author":[{"embeddable":true,"href":"https:\/\/juanpablomanso.com\/index.php?rest_route=\/wp\/v2\/users\/1"}],"replies":[{"embeddable":true,"href":"https:\/\/juanpablomanso.com\/index.php?rest_route=%2Fwp%2Fv2%2Fcomments&post=8"}],"version-history":[{"count":2,"href":"https:\/\/juanpablomanso.com\/index.php?rest_route=\/wp\/v2\/pages\/8\/revisions"}],"predecessor-version":[{"id":16,"href":"https:\/\/juanpablomanso.com\/index.php?rest_route=\/wp\/v2\/pages\/8\/revisions\/16"}],"wp:attachment":[{"href":"https:\/\/juanpablomanso.com\/index.php?rest_route=%2Fwp%2Fv2%2Fmedia&parent=8"}],"curies":[{"name":"wp","href":"https:\/\/api.w.org\/{rel}","templated":true}]}}